{"id":3102,"date":"2019-02-27T22:51:47","date_gmt":"2019-02-27T22:51:47","guid":{"rendered":"https:\/\/ardezin.com\/service\/decalque-autocollant\/"},"modified":"2019-06-21T18:54:30","modified_gmt":"2019-06-21T18:54:30","slug":"decals-stickers","status":"publish","type":"page","link":"https:\/\/ardezin.com\/en\/services\/decals-stickers\/","title":{"rendered":"DECALS AND STICKERS"},"content":{"rendered":"","protected":false},"excerpt":{"rendered":"","protected":false},"author":8,"featured_media":0,"parent":3064,"menu_order":0,"comment_status":"closed","ping_status":"closed","template":"page-bleu3-full-width.php","meta":{"footnotes":""},"yoast_head":"<!-- This site is optimized with the Yoast SEO plugin v22.4 - https:\/\/yoast.com\/wordpress\/plugins\/seo\/ -->\n<title>Decals, Labels and Stickers Printing Services | Ardezin<\/title>\n<meta name=\"description\" content=\"L&#039;impression d&#039;autocollants, d&#039;\u00e9tiquettes et de d\u00e9calques adh\u00e9sifs pour les secteurs commerciaux et manufacturiers est une de nos sp\u00e9cialit\u00e9s.\" \/>\n<meta name=\"robots\" content=\"index, follow, max-snippet:-1, max-image-preview:large, max-video-preview:-1\" \/>\n<link rel=\"canonical\" href=\"https:\/\/ardezin.com\/en\/services\/decals-stickers\/\" \/>\n<meta property=\"og:locale\" content=\"en_US\" \/>\n<meta property=\"og:type\" content=\"article\" \/>\n<meta property=\"og:title\" content=\"Decals, Labels and Stickers Printing Services | Ardezin\" \/>\n<meta property=\"og:description\" content=\"L&#039;impression d&#039;autocollants, d&#039;\u00e9tiquettes et de d\u00e9calques adh\u00e9sifs pour les secteurs commerciaux et manufacturiers est une de nos sp\u00e9cialit\u00e9s.\" \/>\n<meta property=\"og:url\" content=\"https:\/\/ardezin.com\/en\/services\/decals-stickers\/\" \/>\n<meta property=\"og:site_name\" content=\"Ardezin\" \/>\n<meta property=\"article:modified_time\" content=\"2019-06-21T18:54:30+00:00\" \/>\n<meta name=\"twitter:card\" content=\"summary_large_image\" \/>\n<script type=\"application\/ld+json\" class=\"yoast-schema-graph\">{\"@context\":\"https:\/\/schema.org\",\"@graph\":[{\"@type\":\"WebPage\",\"@id\":\"https:\/\/ardezin.com\/en\/services\/decals-stickers\/\",\"url\":\"https:\/\/ardezin.com\/en\/services\/decals-stickers\/\",\"name\":\"Decals, Labels and Stickers Printing Services | Ardezin\",\"isPartOf\":{\"@id\":\"https:\/\/ardezin.com\/#website\"},\"datePublished\":\"2019-02-27T22:51:47+00:00\",\"dateModified\":\"2019-06-21T18:54:30+00:00\",\"description\":\"L'impression d'autocollants, d'\u00e9tiquettes et de d\u00e9calques adh\u00e9sifs pour les secteurs commerciaux et manufacturiers est une de nos sp\u00e9cialit\u00e9s.\",\"breadcrumb\":{\"@id\":\"https:\/\/ardezin.com\/en\/services\/decals-stickers\/#breadcrumb\"},\"inLanguage\":\"en-US\",\"potentialAction\":[{\"@type\":\"ReadAction\",\"target\":[\"https:\/\/ardezin.com\/en\/services\/decals-stickers\/\"]}]},{\"@type\":\"BreadcrumbList\",\"@id\":\"https:\/\/ardezin.com\/en\/services\/decals-stickers\/#breadcrumb\",\"itemListElement\":[{\"@type\":\"ListItem\",\"position\":1,\"name\":\"Accueil\",\"item\":\"https:\/\/ardezin.com\/en\/\"},{\"@type\":\"ListItem\",\"position\":2,\"name\":\"Our services\",\"item\":\"https:\/\/ardezin.com\/en\/services\/\"},{\"@type\":\"ListItem\",\"position\":3,\"name\":\"DECALS AND STICKERS\"}]},{\"@type\":\"WebSite\",\"@id\":\"https:\/\/ardezin.com\/#website\",\"url\":\"https:\/\/ardezin.com\/\",\"name\":\"Ardezin\",\"description\":\"Entreprise de Lettrage\",\"potentialAction\":[{\"@type\":\"SearchAction\",\"target\":{\"@type\":\"EntryPoint\",\"urlTemplate\":\"https:\/\/ardezin.com\/?s={search_term_string}\"},\"query-input\":\"required name=search_term_string\"}],\"inLanguage\":\"en-US\"}]}<\/script>\n<!-- \/ Yoast SEO plugin. -->","yoast_head_json":{"title":"Decals, Labels and Stickers Printing Services | Ardezin","description":"L'impression d'autocollants, d'\u00e9tiquettes et de d\u00e9calques adh\u00e9sifs pour les secteurs commerciaux et manufacturiers est une de nos sp\u00e9cialit\u00e9s.","robots":{"index":"index","follow":"follow","max-snippet":"max-snippet:-1","max-image-preview":"max-image-preview:large","max-video-preview":"max-video-preview:-1"},"canonical":"https:\/\/ardezin.com\/en\/services\/decals-stickers\/","og_locale":"en_US","og_type":"article","og_title":"Decals, Labels and Stickers Printing Services | Ardezin","og_description":"L'impression d'autocollants, d'\u00e9tiquettes et de d\u00e9calques adh\u00e9sifs pour les secteurs commerciaux et manufacturiers est une de nos sp\u00e9cialit\u00e9s.","og_url":"https:\/\/ardezin.com\/en\/services\/decals-stickers\/","og_site_name":"Ardezin","article_modified_time":"2019-06-21T18:54:30+00:00","twitter_card":"summary_large_image","schema":{"@context":"https:\/\/schema.org","@graph":[{"@type":"WebPage","@id":"https:\/\/ardezin.com\/en\/services\/decals-stickers\/","url":"https:\/\/ardezin.com\/en\/services\/decals-stickers\/","name":"Decals, Labels and Stickers Printing Services | Ardezin","isPartOf":{"@id":"https:\/\/ardezin.com\/#website"},"datePublished":"2019-02-27T22:51:47+00:00","dateModified":"2019-06-21T18:54:30+00:00","description":"L'impression d'autocollants, d'\u00e9tiquettes et de d\u00e9calques adh\u00e9sifs pour les secteurs commerciaux et manufacturiers est une de nos sp\u00e9cialit\u00e9s.","breadcrumb":{"@id":"https:\/\/ardezin.com\/en\/services\/decals-stickers\/#breadcrumb"},"inLanguage":"en-US","potentialAction":[{"@type":"ReadAction","target":["https:\/\/ardezin.com\/en\/services\/decals-stickers\/"]}]},{"@type":"BreadcrumbList","@id":"https:\/\/ardezin.com\/en\/services\/decals-stickers\/#breadcrumb","itemListElement":[{"@type":"ListItem","position":1,"name":"Accueil","item":"https:\/\/ardezin.com\/en\/"},{"@type":"ListItem","position":2,"name":"Our services","item":"https:\/\/ardezin.com\/en\/services\/"},{"@type":"ListItem","position":3,"name":"DECALS AND STICKERS"}]},{"@type":"WebSite","@id":"https:\/\/ardezin.com\/#website","url":"https:\/\/ardezin.com\/","name":"Ardezin","description":"Entreprise de Lettrage","potentialAction":[{"@type":"SearchAction","target":{"@type":"EntryPoint","urlTemplate":"https:\/\/ardezin.com\/?s={search_term_string}"},"query-input":"required name=search_term_string"}],"inLanguage":"en-US"}]}},"_links":{"self":[{"href":"https:\/\/ardezin.com\/en\/wp-json\/wp\/v2\/pages\/3102"}],"collection":[{"href":"https:\/\/ardezin.com\/en\/wp-json\/wp\/v2\/pages"}],"about":[{"href":"https:\/\/ardezin.com\/en\/wp-json\/wp\/v2\/types\/page"}],"author":[{"embeddable":true,"href":"https:\/\/ardezin.com\/en\/wp-json\/wp\/v2\/users\/8"}],"replies":[{"embeddable":true,"href":"https:\/\/ardezin.com\/en\/wp-json\/wp\/v2\/comments?post=3102"}],"version-history":[{"count":0,"href":"https:\/\/ardezin.com\/en\/wp-json\/wp\/v2\/pages\/3102\/revisions"}],"up":[{"embeddable":true,"href":"https:\/\/ardezin.com\/en\/wp-json\/wp\/v2\/pages\/3064"}],"wp:attachment":[{"href":"https:\/\/ardezin.com\/en\/wp-json\/wp\/v2\/media?parent=3102"}],"curies":[{"name":"wp","href":"https:\/\/api.w.org\/{rel}","templated":true}]}}